{"id":1206,"date":"2022-11-02T10:16:42","date_gmt":"2022-11-02T10:16:42","guid":{"rendered":"https:\/\/obs.is\/?page_id=1206"},"modified":"2024-03-21T10:58:59","modified_gmt":"2024-03-21T10:58:59","slug":"umokkur","status":"publish","type":"page","link":"https:\/\/obs.is\/is_is\/umokkur\/","title":{"rendered":"Um okkur"},"content":{"rendered":"\n<p>Observant Press gefur \u00fat b\u00f3kina R\u00d3T &#8211; Allt sem \u00fe\u00fa \u00fearft a\u00f0 vita um K\u00edna og meira til.   H\u00f6fundur b\u00f3karinnar er <a href=\"https:\/\/obs.is\/um-hofund\/\">L\u00edna Gu\u00f0laug Atlad\u00f3ttir.<\/a><\/p>\n\n\n\n<p>Vi\u00f0 byggjum \u00e1 langri reynslu vi\u00f0 krefjandi verkefni \u00e1 \u00f6\u00f0rum svi\u00f0um; innanlands sem erlendis.<\/p>\n\n\n\n<p>Stefna okkar er a\u00f0 vera <strong>\u00f3h\u00e1\u00f0, yfirvegu\u00f0 og fagleg<\/strong> \u00ed allri n\u00e1lgun, hvort sem \u00fea\u00f0 er vi\u00f0 efnist\u00f6k b\u00f3karinnar R\u00d3T e\u00f0a \u00ed \u00f6\u00f0rum verkefnum sem vi\u00f0 t\u00f6kum okkur fyrir hendur.  <\/p>\n\n\n\n<figure class=\"wp-block-gallery has-nested-images columns-default is-cropped wp-block-gallery-1 is-layout-flex wp-block-gallery-is-layout-flex\">\n<figure class=\"wp-block-image size-large\"><img loading=\"lazy\" decoding=\"async\" width=\"768\" height=\"1024\" data-id=\"1929\" src=\"https:\/\/obs.is\/wp-content\/uploads\/2022\/11\/IMG_1734-768x1024.jpg\" alt=\"\" class=\"wp-image-1929\" srcset=\"https:\/\/obs.is\/wp-content\/uploads\/2022\/11\/IMG_1734-768x1024.jpg 768w, https:\/\/obs.is\/wp-content\/uploads\/2022\/11\/IMG_1734-rotated-300x400.jpg 300w, https:\/\/obs.is\/wp-content\/uploads\/2022\/11\/IMG_1734-rotated-400x533.jpg 400w, https:\/\/obs.is\/wp-content\/uploads\/2022\/11\/IMG_1734-225x300.jpg 225w, https:\/\/obs.is\/wp-content\/uploads\/2022\/11\/IMG_1734-1152x1536.jpg 1152w, https:\/\/obs.is\/wp-content\/uploads\/2022\/11\/IMG_1734-rotated.jpg 1200w\" sizes=\"auto, (max-width: 768px) 100vw, 768px\" \/><figcaption class=\"wp-element-caption\">S\u00fdn okkar er a\u00f0 vera sj\u00e1lfst\u00e6\u00f0 og \u00e1n hagsmunatengsla<\/figcaption><\/figure>\n\n\n\n<figure class=\"wp-block-image size-large\"><img loading=\"lazy\" decoding=\"async\" width=\"768\" height=\"1024\" data-id=\"1956\" src=\"https:\/\/obs.is\/wp-content\/uploads\/2022\/11\/34380976_Unknown-768x1024.jpg\" alt=\"\" class=\"wp-image-1956\" srcset=\"https:\/\/obs.is\/wp-content\/uploads\/2022\/11\/34380976_Unknown-768x1024.jpg 768w, https:\/\/obs.is\/wp-content\/uploads\/2022\/11\/34380976_Unknown-scaled-300x400.jpg 300w, https:\/\/obs.is\/wp-content\/uploads\/2022\/11\/34380976_Unknown-scaled-400x533.jpg 400w, https:\/\/obs.is\/wp-content\/uploads\/2022\/11\/34380976_Unknown-225x300.jpg 225w, https:\/\/obs.is\/wp-content\/uploads\/2022\/11\/34380976_Unknown-1152x1536.jpg 1152w, https:\/\/obs.is\/wp-content\/uploads\/2022\/11\/34380976_Unknown-1536x2048.jpg 1536w, https:\/\/obs.is\/wp-content\/uploads\/2022\/11\/34380976_Unknown-scaled.jpg 1920w\" sizes=\"auto, (max-width: 768px) 100vw, 768px\" \/><figcaption class=\"wp-element-caption\">Vi\u00f0 n\u00e1lgumst verkefnin \u00fevert \u00e1 landam\u00e6ri<\/figcaption><\/figure>\n<\/figure>\n\n\n\n<p>Haf\u00f0u samband:  obs@obs.is<br><\/p>\n\n\n\n<figure class=\"wp-block-image aligncenter size-medium is-resized\"><img loading=\"lazy\" decoding=\"async\" width=\"300\" height=\"197\" src=\"https:\/\/obs.is\/wp-content\/uploads\/2022\/12\/gudmundur_bricks-300x197.jpg\" alt=\"\" class=\"wp-image-3238\" srcset=\"https:\/\/obs.is\/wp-content\/uploads\/2022\/12\/gudmundur_bricks-300x197.jpg 300w, https:\/\/obs.is\/wp-content\/uploads\/2022\/12\/gudmundur_bricks.jpg 351w\" sizes=\"auto, (max-width: 300px) 100vw, 300px\" \/><figcaption class=\"wp-element-caption\"><a href=\"https:\/\/obs.is\/instagram-bokarinnar-rot\/\">Fylgdu okkur \u00e1 Instagram<\/a><\/figcaption><\/figure>\n\n\n\n<p class=\"has-small-font-size\"><strong>Uppl\u00fdsingar um lj\u00f3smyndir \u00e1 obs.is<\/strong><\/p>\n\n\n\n<p style=\"font-size:12px\">Allar myndir \u00e1 \u00feessum vef eru teknar \u00e1 vegum Observant Press (nema myndir af L\u00ednu \u00ed opnuvi\u00f0tali \u00ed Morgubla\u00f0inu:  \u00c1rni S\u00e6berg og mynd \u00ed helgarbla\u00f0i Fr\u00e9ttabla\u00f0sins: Stef\u00e1n Karlsson).  Fors\u00ed\u00f0umyndir pistla eru \u00ed sumum tilfellum keyptar hj\u00e1 iStockphoto.<\/p>\n\n\n\n<figure class=\"wp-block-image size-large\"><img loading=\"lazy\" decoding=\"async\" width=\"1024\" height=\"13\" src=\"https:\/\/obs.is\/wp-content\/uploads\/2022\/11\/Lina_lengri-1024x13.png\" alt=\"\" class=\"wp-image-2107\" srcset=\"https:\/\/obs.is\/wp-content\/uploads\/2022\/11\/Lina_lengri-1024x13.png 1024w, https:\/\/obs.is\/wp-content\/uploads\/2022\/11\/Lina_lengri-300x4.png 300w, https:\/\/obs.is\/wp-content\/uploads\/2022\/11\/Lina_lengri-400x5.png 400w, https:\/\/obs.is\/wp-content\/uploads\/2022\/11\/Lina_lengri-768x10.png 768w, https:\/\/obs.is\/wp-content\/uploads\/2022\/11\/Lina_lengri-1536x19.png 1536w, https:\/\/obs.is\/wp-content\/uploads\/2022\/11\/Lina_lengri.png 1771w\" sizes=\"auto, (max-width: 1024px) 100vw, 1024px\" \/><figcaption class=\"wp-element-caption\">Copyright Observant Press \u00a9 2023<\/figcaption><\/figure>\n","protected":false},"excerpt":{"rendered":"<p>Observant Press gefur \u00fat b\u00f3kina R\u00d3T &#8211; Allt sem \u00fe\u00fa \u00fearft a\u00f0 vita um K\u00edna og meira til. H\u00f6fundur b\u00f3karinnar er L\u00edna Gu\u00f0laug Atlad\u00f3ttir. Vi\u00f0 byggjum \u00e1 langri reynslu vi\u00f0 krefjandi verkefni \u00e1 \u00f6\u00f0rum svi\u00f0um; innanlands sem erlendis. Stefna okkar er a\u00f0 vera \u00f3h\u00e1\u00f0, yfirvegu\u00f0 og fagleg \u00ed allri n\u00e1lgun, hvort sem \u00fea\u00f0 er vi\u00f0 [&hellip;]<\/p>\n","protected":false},"author":1,"featured_media":0,"parent":0,"menu_order":0,"comment_status":"closed","ping_status":"closed","template":"","meta":{"footnotes":""},"class_list":["post-1206","page","type-page","status-publish","hentry"],"blocksy_meta":{"styles_descriptor":{"styles":{"desktop":"","tablet":"","mobile":""},"google_fonts":[],"version":5}},"yoast_head":"<!-- This site is optimized with the Yoast SEO plugin v21.4 - https:\/\/yoast.com\/wordpress\/plugins\/seo\/ -->\n<title>Um okkur - obs.is<\/title>\n<meta name=\"robots\" content=\"index, follow, max-snippet:-1, max-image-preview:large, max-video-preview:-1\" \/>\n<link rel=\"canonical\" href=\"https:\/\/obs.is\/is_is\/umokkur\/\" \/>\n<meta property=\"og:locale\" content=\"is_IS\" \/>\n<meta property=\"og:type\" content=\"article\" \/>\n<meta property=\"og:title\" content=\"Um okkur - obs.is\" \/>\n<meta property=\"og:description\" content=\"Observant Press gefur \u00fat b\u00f3kina R\u00d3T &#8211; Allt sem \u00fe\u00fa \u00fearft a\u00f0 vita um K\u00edna og meira til. H\u00f6fundur b\u00f3karinnar er L\u00edna Gu\u00f0laug Atlad\u00f3ttir. Vi\u00f0 byggjum \u00e1 langri reynslu vi\u00f0 krefjandi verkefni \u00e1 \u00f6\u00f0rum svi\u00f0um; innanlands sem erlendis. Stefna okkar er a\u00f0 vera \u00f3h\u00e1\u00f0, yfirvegu\u00f0 og fagleg \u00ed allri n\u00e1lgun, hvort sem \u00fea\u00f0 er vi\u00f0 [&hellip;]\" \/>\n<meta property=\"og:url\" content=\"https:\/\/obs.is\/is_is\/umokkur\/\" \/>\n<meta property=\"og:site_name\" content=\"obs.is\" \/>\n<meta property=\"article:modified_time\" content=\"2024-03-21T10:58:59+00:00\" \/>\n<meta property=\"og:image\" content=\"https:\/\/obs.is\/wp-content\/uploads\/2022\/11\/IMG_1734-768x1024.jpg\" \/>\n<meta name=\"twitter:card\" content=\"summary_large_image\" \/>\n<meta name=\"twitter:label1\" content=\"Est. reading time\" \/>\n\t<meta name=\"twitter:data1\" content=\"2 minutes\" \/>\n<script type=\"application\/ld+json\" class=\"yoast-schema-graph\">{\"@context\":\"https:\/\/schema.org\",\"@graph\":[{\"@type\":\"WebPage\",\"@id\":\"https:\/\/obs.is\/umokkur\/\",\"url\":\"https:\/\/obs.is\/umokkur\/\",\"name\":\"Um okkur - obs.is\",\"isPartOf\":{\"@id\":\"https:\/\/obs.is\/#website\"},\"datePublished\":\"2022-11-02T10:16:42+00:00\",\"dateModified\":\"2024-03-21T10:58:59+00:00\",\"breadcrumb\":{\"@id\":\"https:\/\/obs.is\/umokkur\/#breadcrumb\"},\"inLanguage\":\"is\",\"potentialAction\":[{\"@type\":\"ReadAction\",\"target\":[\"https:\/\/obs.is\/umokkur\/\"]}]},{\"@type\":\"BreadcrumbList\",\"@id\":\"https:\/\/obs.is\/umokkur\/#breadcrumb\",\"itemListElement\":[{\"@type\":\"ListItem\",\"position\":1,\"name\":\"Home\",\"item\":\"https:\/\/obs.is\/\"},{\"@type\":\"ListItem\",\"position\":2,\"name\":\"Um okkur\"}]},{\"@type\":\"WebSite\",\"@id\":\"https:\/\/obs.is\/#website\",\"url\":\"https:\/\/obs.is\/\",\"name\":\"obs.is\",\"description\":\"R\u00f3t - allt sem \u00fe\u00fa \u00fearft a\u00f0 vita um K\u00edna og meira til\",\"publisher\":{\"@id\":\"https:\/\/obs.is\/#organization\"},\"potentialAction\":[{\"@type\":\"SearchAction\",\"target\":{\"@type\":\"EntryPoint\",\"urlTemplate\":\"https:\/\/obs.is\/?s={search_term_string}\"},\"query-input\":\"required name=search_term_string\"}],\"inLanguage\":\"is\"},{\"@type\":\"Organization\",\"@id\":\"https:\/\/obs.is\/#organization\",\"name\":\"obs.is\",\"url\":\"https:\/\/obs.is\/\",\"logo\":{\"@type\":\"ImageObject\",\"inLanguage\":\"is\",\"@id\":\"https:\/\/obs.is\/#\/schema\/logo\/image\/\",\"url\":\"https:\/\/obs.is\/wp-content\/uploads\/2022\/11\/ROT_logo.jpg\",\"contentUrl\":\"https:\/\/obs.is\/wp-content\/uploads\/2022\/11\/ROT_logo.jpg\",\"width\":2244,\"height\":1051,\"caption\":\"obs.is\"},\"image\":{\"@id\":\"https:\/\/obs.is\/#\/schema\/logo\/image\/\"}}]}<\/script>\n<!-- \/ Yoast SEO plugin. -->","yoast_head_json":{"title":"Um okkur - obs.is","robots":{"index":"index","follow":"follow","max-snippet":"max-snippet:-1","max-image-preview":"max-image-preview:large","max-video-preview":"max-video-preview:-1"},"canonical":"https:\/\/obs.is\/is_is\/umokkur\/","og_locale":"is_IS","og_type":"article","og_title":"Um okkur - obs.is","og_description":"Observant Press gefur \u00fat b\u00f3kina R\u00d3T &#8211; Allt sem \u00fe\u00fa \u00fearft a\u00f0 vita um K\u00edna og meira til. H\u00f6fundur b\u00f3karinnar er L\u00edna Gu\u00f0laug Atlad\u00f3ttir. Vi\u00f0 byggjum \u00e1 langri reynslu vi\u00f0 krefjandi verkefni \u00e1 \u00f6\u00f0rum svi\u00f0um; innanlands sem erlendis. Stefna okkar er a\u00f0 vera \u00f3h\u00e1\u00f0, yfirvegu\u00f0 og fagleg \u00ed allri n\u00e1lgun, hvort sem \u00fea\u00f0 er vi\u00f0 [&hellip;]","og_url":"https:\/\/obs.is\/is_is\/umokkur\/","og_site_name":"obs.is","article_modified_time":"2024-03-21T10:58:59+00:00","og_image":[{"url":"https:\/\/obs.is\/wp-content\/uploads\/2022\/11\/IMG_1734-768x1024.jpg"}],"twitter_card":"summary_large_image","twitter_misc":{"Est. reading time":"2 minutes"},"schema":{"@context":"https:\/\/schema.org","@graph":[{"@type":"WebPage","@id":"https:\/\/obs.is\/umokkur\/","url":"https:\/\/obs.is\/umokkur\/","name":"Um okkur - obs.is","isPartOf":{"@id":"https:\/\/obs.is\/#website"},"datePublished":"2022-11-02T10:16:42+00:00","dateModified":"2024-03-21T10:58:59+00:00","breadcrumb":{"@id":"https:\/\/obs.is\/umokkur\/#breadcrumb"},"inLanguage":"is","potentialAction":[{"@type":"ReadAction","target":["https:\/\/obs.is\/umokkur\/"]}]},{"@type":"BreadcrumbList","@id":"https:\/\/obs.is\/umokkur\/#breadcrumb","itemListElement":[{"@type":"ListItem","position":1,"name":"Home","item":"https:\/\/obs.is\/"},{"@type":"ListItem","position":2,"name":"Um okkur"}]},{"@type":"WebSite","@id":"https:\/\/obs.is\/#website","url":"https:\/\/obs.is\/","name":"obs.is","description":"R\u00f3t - allt sem \u00fe\u00fa \u00fearft a\u00f0 vita um K\u00edna og meira til","publisher":{"@id":"https:\/\/obs.is\/#organization"},"potentialAction":[{"@type":"SearchAction","target":{"@type":"EntryPoint","urlTemplate":"https:\/\/obs.is\/?s={search_term_string}"},"query-input":"required name=search_term_string"}],"inLanguage":"is"},{"@type":"Organization","@id":"https:\/\/obs.is\/#organization","name":"obs.is","url":"https:\/\/obs.is\/","logo":{"@type":"ImageObject","inLanguage":"is","@id":"https:\/\/obs.is\/#\/schema\/logo\/image\/","url":"https:\/\/obs.is\/wp-content\/uploads\/2022\/11\/ROT_logo.jpg","contentUrl":"https:\/\/obs.is\/wp-content\/uploads\/2022\/11\/ROT_logo.jpg","width":2244,"height":1051,"caption":"obs.is"},"image":{"@id":"https:\/\/obs.is\/#\/schema\/logo\/image\/"}}]}},"_links":{"self":[{"href":"https:\/\/obs.is\/is_is\/wp-json\/wp\/v2\/pages\/1206","targetHints":{"allow":["GET"]}}],"collection":[{"href":"https:\/\/obs.is\/is_is\/wp-json\/wp\/v2\/pages"}],"about":[{"href":"https:\/\/obs.is\/is_is\/wp-json\/wp\/v2\/types\/page"}],"author":[{"embeddable":true,"href":"https:\/\/obs.is\/is_is\/wp-json\/wp\/v2\/users\/1"}],"replies":[{"embeddable":true,"href":"https:\/\/obs.is\/is_is\/wp-json\/wp\/v2\/comments?post=1206"}],"version-history":[{"count":61,"href":"https:\/\/obs.is\/is_is\/wp-json\/wp\/v2\/pages\/1206\/revisions"}],"predecessor-version":[{"id":3889,"href":"https:\/\/obs.is\/is_is\/wp-json\/wp\/v2\/pages\/1206\/revisions\/3889"}],"wp:attachment":[{"href":"https:\/\/obs.is\/is_is\/wp-json\/wp\/v2\/media?parent=1206"}],"curies":[{"name":"wp","href":"https:\/\/api.w.org\/{rel}","templated":true}]}}