{"id":65,"date":"2017-06-18T18:00:10","date_gmt":"2017-06-18T18:00:10","guid":{"rendered":"http:\/\/localhost:8080\/?page_id=65"},"modified":"2023-11-02T16:46:55","modified_gmt":"2023-11-02T16:46:55","slug":"where-to-buy","status":"publish","type":"page","link":"https:\/\/obs.is\/is_is\/where-to-buy\/","title":{"rendered":"S\u00f6lusta\u00f0ir"},"content":{"rendered":"\n<div class=\"wp-block-columns is-layout-flex wp-container-core-columns-is-layout-28f84493 wp-block-columns-is-layout-flex\">\n<div class=\"wp-block-column is-vertically-aligned-bottom is-layout-flow wp-block-column-is-layout-flow\">\n<figure class=\"wp-block-image alignleft size-full\"><img loading=\"lazy\" decoding=\"async\" width=\"313\" height=\"120\" src=\"https:\/\/obs.is\/wp-content\/uploads\/2022\/11\/ROT_vefauglysing_313x120pix2.jpg\" alt=\"\" class=\"wp-image-2424\" srcset=\"https:\/\/obs.is\/wp-content\/uploads\/2022\/11\/ROT_vefauglysing_313x120pix2.jpg 313w, https:\/\/obs.is\/wp-content\/uploads\/2022\/11\/ROT_vefauglysing_313x120pix2-300x115.jpg 300w\" sizes=\"auto, (max-width: 313px) 100vw, 313px\" \/><\/figure>\n<\/div>\n\n\n\n<div class=\"wp-block-column is-vertically-aligned-center is-layout-flow wp-block-column-is-layout-flow\"><\/div>\n<\/div>\n\n\n\n<div class=\"wp-block-columns is-layout-flex wp-container-core-columns-is-layout-28f84493 wp-block-columns-is-layout-flex\">\n<div class=\"wp-block-column is-layout-flow wp-block-column-is-layout-flow\">\n<p><strong>B\u00d3KAVERSLANIR:<\/strong><br><br><strong>Allar verslanir Pennans Eymundsson:<\/strong><br><br><strong>H\u00f6fu\u00f0borgarsv\u00e6\u00f0i\u00f0:<\/strong><br>Austurstr\u00e6ti 18<br>Sk\u00f3lav\u00f6r\u00f0ust\u00edgur 11<br>Kringlan<br>Hallarm\u00fali 4<br>Mj\u00f3dd &#8211; \u00c1lfabakka 14b<br>Laugavegur 77<br><br>Sm\u00e1ralind &#8211; K\u00f3pavogi<br>Strandg\u00f6tu 31 Hafnarfir\u00f0i<br><br><strong>Landsbygg\u00f0in:<\/strong><br>Akureyri:  Hafnarstr\u00e6ti 91-93<br>Keflav\u00edk:   Krossm\u00f3ar 4<br>Akranes:  Dalbraut 1<br>Selfoss:   Br\u00faarstr\u00e6ti 6<br>H\u00fasav\u00edk:  Gar\u00f0arsbraut 9<br>\u00cdsafj\u00f6r\u00f0ur: Hafnarstr\u00e6ti 2<br>Vestmannaeyjar: B\u00e1rust\u00edg 2<br><br><strong>B\u00f3kin er einnig f\u00e1anleg \u00ed brottfararverslun Eymundsson \u00ed Leifsst\u00f6\u00f0<\/strong><br><br><strong>A\u00f0rir s\u00f6lua\u00f0ilar:<\/strong><\/p>\n\n\n\n<p><strong>Reykjav\u00edk:<\/strong><br><br>Forlagi\u00f0 b\u00f3kab\u00fa\u00f0, Fiskisl\u00f3\u00f0 39<\/p>\n\n\n\n<p>Salka b\u00f3kaverslun, Hverfisg\u00f6tu 89-93<br><br>B\u00f3ksala St\u00fadenta, S\u00e6mundarg\u00f6tu 4<br><br>B\u00f3kakaffi\u00f0 Reykjav\u00edk, \u00c1rm\u00fala 42<br><\/p>\n\n\n\n<p><strong>Landsbygg\u00f0in:<\/strong><br><br>Skagfir\u00f0ingab\u00fa\u00f0, \u00c1rtorgi 1, Sau\u00f0\u00e1rkr\u00f3k<br><br>B\u00f3kakaffi\u00f0 Selfossi, Austurvegi 22, Selfoss<\/p>\n\n\n\n<figure class=\"wp-block-image size-full\"><img loading=\"lazy\" decoding=\"async\" width=\"313\" height=\"600\" src=\"https:\/\/obs.is\/wp-content\/uploads\/2022\/12\/ROT_vefauglysing_313x600pix.jpg\" alt=\"\" class=\"wp-image-3161\" srcset=\"https:\/\/obs.is\/wp-content\/uploads\/2022\/12\/ROT_vefauglysing_313x600pix.jpg 313w, https:\/\/obs.is\/wp-content\/uploads\/2022\/12\/ROT_vefauglysing_313x600pix-300x575.jpg 300w, https:\/\/obs.is\/wp-content\/uploads\/2022\/12\/ROT_vefauglysing_313x600pix-157x300.jpg 157w\" sizes=\"auto, (max-width: 313px) 100vw, 313px\" \/><\/figure>\n\n\n\n<p><br><\/p>\n<\/div>\n\n\n\n<div class=\"wp-block-column is-layout-flow wp-block-column-is-layout-flow\">\n<p><strong>S\u00f6lusta\u00f0ir eftir landshlutum:<\/strong><\/p>\n\n\n\n<p><strong>H\u00f6fu\u00f0borgarsv\u00e6\u00f0i\u00f0:<\/strong><br><br><strong>Verslanir Eymundsson:<\/strong><br>Austurstr\u00e6ti 18<br>Sk\u00f3lav\u00f6r\u00f0ust\u00edgur 11<br>Kringlan<br>Hallarm\u00fali 4<br>Mj\u00f3dd<br>Laugavegur 77<br><br>Sm\u00e1ralind &#8211; K\u00f3pavogi<br>Strandgata 31 &#8211; Hafnarfir\u00f0i<br><br>Forlagi\u00f0 b\u00f3kaverslun, Fiskisl\u00f3\u00f0<br>Salka b\u00f3kaverslun, Hverfisg\u00f6tu 89-93<br>B\u00f3ksala St\u00fadenta, S\u00e6mundarg\u00f6tu 4<br>B\u00f3kakaffi\u00f0 Reykjav\u00edk, \u00c1rm\u00fala 42<br><br><strong>Reykjanes<\/strong>:<br><br>Eymundsson, Krossm\u00f3um 4, Keflav\u00edk<br>Leifsst\u00f6\u00f0 &#8211; verslun Eymundsson \u00ed brottfararsal<br><br><strong>Vesturland:<\/strong><br><br>Eymundsson, Dalbraut 1, Akranesi<br><br><strong>Vestfir\u00f0ir:<\/strong><br><br>Eymundsson, Hafnarstr\u00e6ti 2, \u00cdsafir\u00f0i<\/p>\n\n\n\n<p><strong>Nor\u00f0urland vestra:<\/strong><\/p>\n\n\n\n<p>Skagfir\u00f0ingab\u00fa\u00f0, \u00c1rtorgi 1, Sau\u00f0\u00e1rkr\u00f3k<br><br><strong>Nor\u00f0urland eystra:<\/strong><br><br>Eymundsson, Hafnarstr\u00e6ti 91-93, Akureyri<br><br>Eymundsson, Gar\u00f0arsbraut 9, H\u00fasav\u00edk<br><br><strong>Su\u00f0urland:<\/strong><\/p>\n\n\n\n<p>Eymundsson, Br\u00faarstr\u00e6ti 6, Selfoss<\/p>\n\n\n\n<p>B\u00f3kakaffi\u00f0 Selfossi, Austurvegi 22, Selfoss<br><br>Eymundsson, B\u00e1rust\u00edg 2, Vestmannaeyjar<br><\/p>\n\n\n\n<p><strong>B\u00f3kin er f\u00e1anleg \u00ed eftirt\u00f6ldum vefverslunum<\/strong> <strong>&#8211; smelltu \u00e1 hlekk til a\u00f0 kaupa:<\/strong><br><br><a href=\"https:\/\/www.penninn.is\/is\/book\/rot\">Vefverslun Pennans Eymundsson<\/a><br><br><a href=\"https:\/\/www.forlagid.is\/vara\/rot-allt-sem-thu-tharft-ad-vita-um-kina-og-meira-til\/\">Vefverslun Forlagsins b\u00f3kaverslunar<\/a><\/p>\n\n\n\n<p><a href=\"https:\/\/www.salka.is\/collections\/fraedi-og-handbaekur\/products\/rot\">Vefverslun S\u00f6lku b\u00f3kaverslunar<\/a><\/p>\n\n\n\n<p><a href=\"https:\/\/www.boksala.is\/product\/rot-allt-sem-thu-tharft-ad-vita-um-kina\/\">Vefverslun B\u00f3ks\u00f6lu St\u00fadenta<\/a><\/p>\n\n\n\n<figure class=\"wp-block-image size-large\"><img loading=\"lazy\" decoding=\"async\" width=\"768\" height=\"1024\" src=\"https:\/\/obs.is\/wp-content\/uploads\/2023\/05\/IMG_0599-768x1024.jpeg\" alt=\"\" class=\"wp-image-3335\" srcset=\"https:\/\/obs.is\/wp-content\/uploads\/2023\/05\/IMG_0599-768x1024.jpeg 768w, https:\/\/obs.is\/wp-content\/uploads\/2023\/05\/IMG_0599-scaled-300x400.jpeg 300w, https:\/\/obs.is\/wp-content\/uploads\/2023\/05\/IMG_0599-scaled-400x533.jpeg 400w, https:\/\/obs.is\/wp-content\/uploads\/2023\/05\/IMG_0599-225x300.jpeg 225w, https:\/\/obs.is\/wp-content\/uploads\/2023\/05\/IMG_0599-1152x1536.jpeg 1152w, https:\/\/obs.is\/wp-content\/uploads\/2023\/05\/IMG_0599-1536x2048.jpeg 1536w, https:\/\/obs.is\/wp-content\/uploads\/2023\/05\/IMG_0599-scaled.jpeg 1920w\" sizes=\"auto, (max-width: 768px) 100vw, 768px\" \/><figcaption class=\"wp-element-caption\">H\u00f6fundur \u00ed verslun Pennans-Eymundsson, Laugavegi 77 \u00ed ma\u00ed 2023<\/figcaption><\/figure>\n<\/div>\n<\/div>\n","protected":false},"excerpt":{"rendered":"<p>B\u00d3KAVERSLANIR: Allar verslanir Pennans Eymundsson: H\u00f6fu\u00f0borgarsv\u00e6\u00f0i\u00f0:Austurstr\u00e6ti 18Sk\u00f3lav\u00f6r\u00f0ust\u00edgur 11KringlanHallarm\u00fali 4Mj\u00f3dd &#8211; \u00c1lfabakka 14bLaugavegur 77 Sm\u00e1ralind &#8211; K\u00f3pavogiStrandg\u00f6tu 31 Hafnarfir\u00f0i Landsbygg\u00f0in:Akureyri: Hafnarstr\u00e6ti 91-93Keflav\u00edk: Krossm\u00f3ar 4Akranes: Dalbraut 1Selfoss: Br\u00faarstr\u00e6ti 6H\u00fasav\u00edk: Gar\u00f0arsbraut 9\u00cdsafj\u00f6r\u00f0ur: Hafnarstr\u00e6ti 2Vestmannaeyjar: B\u00e1rust\u00edg 2 B\u00f3kin er einnig f\u00e1anleg \u00ed brottfararverslun Eymundsson \u00ed Leifsst\u00f6\u00f0 A\u00f0rir s\u00f6lua\u00f0ilar: Reykjav\u00edk: Forlagi\u00f0 b\u00f3kab\u00fa\u00f0, Fiskisl\u00f3\u00f0 39 Salka b\u00f3kaverslun, Hverfisg\u00f6tu 89-93 B\u00f3ksala St\u00fadenta, [&hellip;]<\/p>\n","protected":false},"author":1,"featured_media":0,"parent":0,"menu_order":0,"comment_status":"closed","ping_status":"closed","template":"","meta":{"footnotes":""},"class_list":["post-65","page","type-page","status-publish","hentry"],"blocksy_meta":{"styles_descriptor":{"styles":{"desktop":"","tablet":"","mobile":""},"google_fonts":[],"version":5}},"yoast_head":"<!-- This site is optimized with the Yoast SEO plugin v21.4 - https:\/\/yoast.com\/wordpress\/plugins\/seo\/ -->\n<title>S\u00f6lusta\u00f0ir - obs.is<\/title>\n<meta name=\"description\" content=\"R\u00f3t f\u00e6st \u00ed \u00f6llum verslunum Pennans-Eymundsson um land allt. Ennfremur \u00ed verslun Forlagsins \u00e1 Fiskisl\u00f3\u00f0, S\u00f6llku b\u00f3kaverslun Hverfisg\u00f6tu 89-93 og B\u00f3ks\u00f6lu St\u00fadenta, S\u00e6mundarg\u00f6tu. Vefverslanir s\u00f6mu a\u00f0ila einnig. R\u00f3t er b\u00f3kin um K\u00edna, skrifu\u00f0 fyrir \u00cdslendinga. R\u00f3t fjallar \u00e1 l\u00e9ttan og br\u00e1\u00f0fr\u00f3\u00f0legan h\u00e1tt um \u00e6vint\u00fdralega n\u00fat\u00edmav\u00e6\u00f0ingu, \u00f3r\u00f3leika og uppn\u00e1m sem hra\u00f0ur uppgangur K\u00edna s\u00ed\u00f0ustu \u00e1ratugi hefur valdi\u00f0. B\u00f3kin veitir inns\u00fdn \u00ed \u00e1hrifa\u00fe\u00e6tti \u00ed s\u00f6gu K\u00edna, vi\u00f0skipti, menningu og fj\u00f6lskr\u00fa\u00f0ugt mannl\u00edf.\" \/>\n<meta name=\"robots\" content=\"index, follow, max-snippet:-1, max-image-preview:large, max-video-preview:-1\" \/>\n<link rel=\"canonical\" href=\"https:\/\/obs.is\/is_is\/where-to-buy\/\" \/>\n<meta property=\"og:locale\" content=\"is_IS\" \/>\n<meta property=\"og:type\" content=\"article\" \/>\n<meta property=\"og:title\" content=\"S\u00f6lusta\u00f0ir - obs.is\" \/>\n<meta property=\"og:description\" content=\"R\u00f3t f\u00e6st \u00ed \u00f6llum verslunum Pennans-Eymundsson um land allt. Ennfremur \u00ed verslun Forlagsins \u00e1 Fiskisl\u00f3\u00f0, S\u00f6llku b\u00f3kaverslun Hverfisg\u00f6tu 89-93 og B\u00f3ks\u00f6lu St\u00fadenta, S\u00e6mundarg\u00f6tu. Vefverslanir s\u00f6mu a\u00f0ila einnig. R\u00f3t er b\u00f3kin um K\u00edna, skrifu\u00f0 fyrir \u00cdslendinga. R\u00f3t fjallar \u00e1 l\u00e9ttan og br\u00e1\u00f0fr\u00f3\u00f0legan h\u00e1tt um \u00e6vint\u00fdralega n\u00fat\u00edmav\u00e6\u00f0ingu, \u00f3r\u00f3leika og uppn\u00e1m sem hra\u00f0ur uppgangur K\u00edna s\u00ed\u00f0ustu \u00e1ratugi hefur valdi\u00f0. B\u00f3kin veitir inns\u00fdn \u00ed \u00e1hrifa\u00fe\u00e6tti \u00ed s\u00f6gu K\u00edna, vi\u00f0skipti, menningu og fj\u00f6lskr\u00fa\u00f0ugt mannl\u00edf.\" \/>\n<meta property=\"og:url\" content=\"https:\/\/obs.is\/is_is\/where-to-buy\/\" \/>\n<meta property=\"og:site_name\" content=\"obs.is\" \/>\n<meta property=\"article:modified_time\" content=\"2023-11-02T16:46:55+00:00\" \/>\n<meta property=\"og:image\" content=\"https:\/\/obs.is\/wp-content\/uploads\/2022\/11\/ROT_vefauglysing_313x120pix2.jpg\" \/>\n<meta name=\"twitter:card\" content=\"summary_large_image\" \/>\n<meta name=\"twitter:label1\" content=\"Est. reading time\" \/>\n\t<meta name=\"twitter:data1\" content=\"2 minutes\" \/>\n<script type=\"application\/ld+json\" class=\"yoast-schema-graph\">{\"@context\":\"https:\/\/schema.org\",\"@graph\":[{\"@type\":\"WebPage\",\"@id\":\"https:\/\/obs.is\/where-to-buy\/\",\"url\":\"https:\/\/obs.is\/where-to-buy\/\",\"name\":\"S\u00f6lusta\u00f0ir - obs.is\",\"isPartOf\":{\"@id\":\"https:\/\/obs.is\/#website\"},\"datePublished\":\"2017-06-18T18:00:10+00:00\",\"dateModified\":\"2023-11-02T16:46:55+00:00\",\"description\":\"R\u00f3t f\u00e6st \u00ed \u00f6llum verslunum Pennans-Eymundsson um land allt. Ennfremur \u00ed verslun Forlagsins \u00e1 Fiskisl\u00f3\u00f0, S\u00f6llku b\u00f3kaverslun Hverfisg\u00f6tu 89-93 og B\u00f3ks\u00f6lu St\u00fadenta, S\u00e6mundarg\u00f6tu. Vefverslanir s\u00f6mu a\u00f0ila einnig. R\u00f3t er b\u00f3kin um K\u00edna, skrifu\u00f0 fyrir \u00cdslendinga. R\u00f3t fjallar \u00e1 l\u00e9ttan og br\u00e1\u00f0fr\u00f3\u00f0legan h\u00e1tt um \u00e6vint\u00fdralega n\u00fat\u00edmav\u00e6\u00f0ingu, \u00f3r\u00f3leika og uppn\u00e1m sem hra\u00f0ur uppgangur K\u00edna s\u00ed\u00f0ustu \u00e1ratugi hefur valdi\u00f0. B\u00f3kin veitir inns\u00fdn \u00ed \u00e1hrifa\u00fe\u00e6tti \u00ed s\u00f6gu K\u00edna, vi\u00f0skipti, menningu og fj\u00f6lskr\u00fa\u00f0ugt mannl\u00edf.\",\"breadcrumb\":{\"@id\":\"https:\/\/obs.is\/where-to-buy\/#breadcrumb\"},\"inLanguage\":\"is\",\"potentialAction\":[{\"@type\":\"ReadAction\",\"target\":[\"https:\/\/obs.is\/where-to-buy\/\"]}]},{\"@type\":\"BreadcrumbList\",\"@id\":\"https:\/\/obs.is\/where-to-buy\/#breadcrumb\",\"itemListElement\":[{\"@type\":\"ListItem\",\"position\":1,\"name\":\"Home\",\"item\":\"https:\/\/obs.is\/\"},{\"@type\":\"ListItem\",\"position\":2,\"name\":\"S\u00f6lusta\u00f0ir\"}]},{\"@type\":\"WebSite\",\"@id\":\"https:\/\/obs.is\/#website\",\"url\":\"https:\/\/obs.is\/\",\"name\":\"obs.is\",\"description\":\"R\u00f3t - allt sem \u00fe\u00fa \u00fearft a\u00f0 vita um K\u00edna og meira til\",\"publisher\":{\"@id\":\"https:\/\/obs.is\/#organization\"},\"potentialAction\":[{\"@type\":\"SearchAction\",\"target\":{\"@type\":\"EntryPoint\",\"urlTemplate\":\"https:\/\/obs.is\/?s={search_term_string}\"},\"query-input\":\"required name=search_term_string\"}],\"inLanguage\":\"is\"},{\"@type\":\"Organization\",\"@id\":\"https:\/\/obs.is\/#organization\",\"name\":\"obs.is\",\"url\":\"https:\/\/obs.is\/\",\"logo\":{\"@type\":\"ImageObject\",\"inLanguage\":\"is\",\"@id\":\"https:\/\/obs.is\/#\/schema\/logo\/image\/\",\"url\":\"https:\/\/obs.is\/wp-content\/uploads\/2022\/11\/ROT_logo.jpg\",\"contentUrl\":\"https:\/\/obs.is\/wp-content\/uploads\/2022\/11\/ROT_logo.jpg\",\"width\":2244,\"height\":1051,\"caption\":\"obs.is\"},\"image\":{\"@id\":\"https:\/\/obs.is\/#\/schema\/logo\/image\/\"}}]}<\/script>\n<!-- \/ Yoast SEO plugin. -->","yoast_head_json":{"title":"S\u00f6lusta\u00f0ir - obs.is","description":"R\u00f3t f\u00e6st \u00ed \u00f6llum verslunum Pennans-Eymundsson um land allt. Ennfremur \u00ed verslun Forlagsins \u00e1 Fiskisl\u00f3\u00f0, S\u00f6llku b\u00f3kaverslun Hverfisg\u00f6tu 89-93 og B\u00f3ks\u00f6lu St\u00fadenta, S\u00e6mundarg\u00f6tu. Vefverslanir s\u00f6mu a\u00f0ila einnig. R\u00f3t er b\u00f3kin um K\u00edna, skrifu\u00f0 fyrir \u00cdslendinga. R\u00f3t fjallar \u00e1 l\u00e9ttan og br\u00e1\u00f0fr\u00f3\u00f0legan h\u00e1tt um \u00e6vint\u00fdralega n\u00fat\u00edmav\u00e6\u00f0ingu, \u00f3r\u00f3leika og uppn\u00e1m sem hra\u00f0ur uppgangur K\u00edna s\u00ed\u00f0ustu \u00e1ratugi hefur valdi\u00f0. B\u00f3kin veitir inns\u00fdn \u00ed \u00e1hrifa\u00fe\u00e6tti \u00ed s\u00f6gu K\u00edna, vi\u00f0skipti, menningu og fj\u00f6lskr\u00fa\u00f0ugt mannl\u00edf.","robots":{"index":"index","follow":"follow","max-snippet":"max-snippet:-1","max-image-preview":"max-image-preview:large","max-video-preview":"max-video-preview:-1"},"canonical":"https:\/\/obs.is\/is_is\/where-to-buy\/","og_locale":"is_IS","og_type":"article","og_title":"S\u00f6lusta\u00f0ir - obs.is","og_description":"R\u00f3t f\u00e6st \u00ed \u00f6llum verslunum Pennans-Eymundsson um land allt. Ennfremur \u00ed verslun Forlagsins \u00e1 Fiskisl\u00f3\u00f0, S\u00f6llku b\u00f3kaverslun Hverfisg\u00f6tu 89-93 og B\u00f3ks\u00f6lu St\u00fadenta, S\u00e6mundarg\u00f6tu. Vefverslanir s\u00f6mu a\u00f0ila einnig. R\u00f3t er b\u00f3kin um K\u00edna, skrifu\u00f0 fyrir \u00cdslendinga. R\u00f3t fjallar \u00e1 l\u00e9ttan og br\u00e1\u00f0fr\u00f3\u00f0legan h\u00e1tt um \u00e6vint\u00fdralega n\u00fat\u00edmav\u00e6\u00f0ingu, \u00f3r\u00f3leika og uppn\u00e1m sem hra\u00f0ur uppgangur K\u00edna s\u00ed\u00f0ustu \u00e1ratugi hefur valdi\u00f0. B\u00f3kin veitir inns\u00fdn \u00ed \u00e1hrifa\u00fe\u00e6tti \u00ed s\u00f6gu K\u00edna, vi\u00f0skipti, menningu og fj\u00f6lskr\u00fa\u00f0ugt mannl\u00edf.","og_url":"https:\/\/obs.is\/is_is\/where-to-buy\/","og_site_name":"obs.is","article_modified_time":"2023-11-02T16:46:55+00:00","og_image":[{"url":"https:\/\/obs.is\/wp-content\/uploads\/2022\/11\/ROT_vefauglysing_313x120pix2.jpg"}],"twitter_card":"summary_large_image","twitter_misc":{"Est. reading time":"2 minutes"},"schema":{"@context":"https:\/\/schema.org","@graph":[{"@type":"WebPage","@id":"https:\/\/obs.is\/where-to-buy\/","url":"https:\/\/obs.is\/where-to-buy\/","name":"S\u00f6lusta\u00f0ir - obs.is","isPartOf":{"@id":"https:\/\/obs.is\/#website"},"datePublished":"2017-06-18T18:00:10+00:00","dateModified":"2023-11-02T16:46:55+00:00","description":"R\u00f3t f\u00e6st \u00ed \u00f6llum verslunum Pennans-Eymundsson um land allt. Ennfremur \u00ed verslun Forlagsins \u00e1 Fiskisl\u00f3\u00f0, S\u00f6llku b\u00f3kaverslun Hverfisg\u00f6tu 89-93 og B\u00f3ks\u00f6lu St\u00fadenta, S\u00e6mundarg\u00f6tu. Vefverslanir s\u00f6mu a\u00f0ila einnig. R\u00f3t er b\u00f3kin um K\u00edna, skrifu\u00f0 fyrir \u00cdslendinga. R\u00f3t fjallar \u00e1 l\u00e9ttan og br\u00e1\u00f0fr\u00f3\u00f0legan h\u00e1tt um \u00e6vint\u00fdralega n\u00fat\u00edmav\u00e6\u00f0ingu, \u00f3r\u00f3leika og uppn\u00e1m sem hra\u00f0ur uppgangur K\u00edna s\u00ed\u00f0ustu \u00e1ratugi hefur valdi\u00f0. B\u00f3kin veitir inns\u00fdn \u00ed \u00e1hrifa\u00fe\u00e6tti \u00ed s\u00f6gu K\u00edna, vi\u00f0skipti, menningu og fj\u00f6lskr\u00fa\u00f0ugt mannl\u00edf.","breadcrumb":{"@id":"https:\/\/obs.is\/where-to-buy\/#breadcrumb"},"inLanguage":"is","potentialAction":[{"@type":"ReadAction","target":["https:\/\/obs.is\/where-to-buy\/"]}]},{"@type":"BreadcrumbList","@id":"https:\/\/obs.is\/where-to-buy\/#breadcrumb","itemListElement":[{"@type":"ListItem","position":1,"name":"Home","item":"https:\/\/obs.is\/"},{"@type":"ListItem","position":2,"name":"S\u00f6lusta\u00f0ir"}]},{"@type":"WebSite","@id":"https:\/\/obs.is\/#website","url":"https:\/\/obs.is\/","name":"obs.is","description":"R\u00f3t - allt sem \u00fe\u00fa \u00fearft a\u00f0 vita um K\u00edna og meira til","publisher":{"@id":"https:\/\/obs.is\/#organization"},"potentialAction":[{"@type":"SearchAction","target":{"@type":"EntryPoint","urlTemplate":"https:\/\/obs.is\/?s={search_term_string}"},"query-input":"required name=search_term_string"}],"inLanguage":"is"},{"@type":"Organization","@id":"https:\/\/obs.is\/#organization","name":"obs.is","url":"https:\/\/obs.is\/","logo":{"@type":"ImageObject","inLanguage":"is","@id":"https:\/\/obs.is\/#\/schema\/logo\/image\/","url":"https:\/\/obs.is\/wp-content\/uploads\/2022\/11\/ROT_logo.jpg","contentUrl":"https:\/\/obs.is\/wp-content\/uploads\/2022\/11\/ROT_logo.jpg","width":2244,"height":1051,"caption":"obs.is"},"image":{"@id":"https:\/\/obs.is\/#\/schema\/logo\/image\/"}}]}},"_links":{"self":[{"href":"https:\/\/obs.is\/is_is\/wp-json\/wp\/v2\/pages\/65","targetHints":{"allow":["GET"]}}],"collection":[{"href":"https:\/\/obs.is\/is_is\/wp-json\/wp\/v2\/pages"}],"about":[{"href":"https:\/\/obs.is\/is_is\/wp-json\/wp\/v2\/types\/page"}],"author":[{"embeddable":true,"href":"https:\/\/obs.is\/is_is\/wp-json\/wp\/v2\/users\/1"}],"replies":[{"embeddable":true,"href":"https:\/\/obs.is\/is_is\/wp-json\/wp\/v2\/comments?post=65"}],"version-history":[{"count":110,"href":"https:\/\/obs.is\/is_is\/wp-json\/wp\/v2\/pages\/65\/revisions"}],"predecessor-version":[{"id":3752,"href":"https:\/\/obs.is\/is_is\/wp-json\/wp\/v2\/pages\/65\/revisions\/3752"}],"wp:attachment":[{"href":"https:\/\/obs.is\/is_is\/wp-json\/wp\/v2\/media?parent=65"}],"curies":[{"name":"wp","href":"https:\/\/api.w.org\/{rel}","templated":true}]}}