{"id":1136,"date":"2022-10-07T09:26:35","date_gmt":"2022-10-07T09:26:35","guid":{"rendered":"https:\/\/obs.is\/?post_type=product&#038;p=1136"},"modified":"2024-03-01T08:27:36","modified_gmt":"2024-03-01T08:27:36","slug":"rot","status":"publish","type":"product","link":"https:\/\/obs.is\/is_is\/product\/rot\/","title":{"rendered":"R\u00d3T &#8211; Allt sem \u00fe\u00fa \u00fearft a\u00f0 vita um K\u00edna og meira til"},"content":{"rendered":"<p><strong>R\u00f3t er b\u00f3kin um K\u00edna, skrifu\u00f0 fyrir \u00cdslendinga. <\/strong>R\u00f3t fjallar \u00e1 l\u00e9ttan og br\u00e1\u00f0fr\u00f3\u00f0legan h\u00e1tt um \u00e6vint\u00fdralega n\u00fat\u00edmav\u00e6\u00f0ingu, \u00f3r\u00f3leika og uppn\u00e1m sem hra\u00f0ur uppgangur K\u00edna s\u00ed\u00f0ustu \u00e1ratugi hefur valdi\u00f0. B\u00f3kin veitir inns\u00fdn \u00ed \u00e1hrifa\u00fe\u00e6tti \u00ed s\u00f6gu K\u00edna, vi\u00f0skipti, menningu og fj\u00f6lskr\u00fa\u00f0ugt mannl\u00edf.<\/p>\n<p id=\"block-568573c6-3b65-483f-8815-3988dd0c18c4\" class=\"block-editor-rich-text__editable block-editor-block-list__block wp-block is-multi-selected is-partially-selected wp-block-paragraph rich-text\" role=\"document\" contenteditable=\"true\" aria-multiline=\"true\" aria-label=\"Paragraph block\" data-block=\"568573c6-3b65-483f-8815-3988dd0c18c4\" data-type=\"core\/paragraph\" data-title=\"Paragraph\" data-empty=\"false\">R\u00f3t varpar lj\u00f3si \u00e1 hugsunarh\u00e1tt \u00fej\u00f3\u00f0ar sem \u00e6tlar s\u00e9r a\u00f0 ver\u00f0a st\u00e6rsta efnahagsveldi heims &#8211; og \u00fea\u00f0 skiptir \u00cdslendinga m\u00e1li.<strong> B\u00f3kin segir umb\u00fa\u00f0alaust fr\u00e1 \u00feessu merkilega landi sem allir \u00feurfa a\u00f0 gefa gaum<\/strong>.<\/p>\n<p id=\"block-0081f2d7-1227-40c6-b0d3-cb9c7268c6f2\" class=\"block-editor-rich-text__editable block-editor-block-list__block wp-block is-multi-selected is-partially-selected wp-block-paragraph rich-text\" role=\"document\" contenteditable=\"true\" aria-multiline=\"true\" aria-label=\"Paragraph block\" data-block=\"0081f2d7-1227-40c6-b0d3-cb9c7268c6f2\" data-type=\"core\/paragraph\" data-title=\"Paragraph\" data-empty=\"false\"><strong data-rich-text-format-boundary=\"true\">R\u00f3t &#8211; Allt sem \u00fe\u00fa \u00fearft a\u00f0 vita um K\u00edna og meira til, er fyrir alla \u00cdslendinga<\/strong><\/p>\n<h1 style=\"text-align: right;\"><\/h1>\n","protected":false},"excerpt":{"rendered":"<h2><\/h2>\n<p><strong>Sending um land allt \u00e1n endurgjalds me\u00f0 Dropp!<\/strong><\/p>\n<p>R\u00f3t segir umb\u00fa\u00f0alaust fr\u00e1 \u00feessu merkilega landi sem allir \u00cdslendingar \u00feurfa a\u00f0 gefa gaum auk \u00feess koma samskipti K\u00edna vi\u00f0 Vesturl\u00f6nd \u00ed gegnum t\u00ed\u00f0ina miki\u00f0 vi\u00f0 s\u00f6gu. Fl\u00f3kin tengsl vi\u00f0 n\u00e1granna K\u00edna \u00ed Austur-As\u00edu til d\u00e6mis Japan og Taiwan blandast einnig \u00ed fr\u00e1s\u00f6gnina.<\/p>\n<p>Fj\u00f6ldi lj\u00f3smynda og myndskreytinga gera b\u00f3kina a\u00f0gengilega og skemmtilega. R\u00f3t er innbundin, 248 bls. og <a href=\"https:\/\/obs.is\/another-post-2\/\">er <strong>kolefnisj\u00f6fnu\u00f0<\/strong>.<\/a><\/p>\n<p>Ver\u00f0 innifelur 11% vir\u00f0isaukaskatt. <strong>Sending er innifalin me\u00f0 Dropp um land allt. <\/strong>\u00a0Sj\u00e1 afhendingarsta\u00f0i Dropp <a href=\"https:\/\/dropp.is\/kort\"><strong>h\u00e9r<\/strong><\/a><\/p>\n<p><a href=\"http:\/\/obs.is\/skilmalar\">Sj\u00e1 s\u00f6luskilm\u00e1la og frekari uppl\u00fdsingar me\u00f0 \u00fev\u00ed a\u00f0 smella <strong>h\u00e9r.<\/strong><\/a><\/p>\n","protected":false},"featured_media":3696,"template":"","meta":[],"product_cat":[23],"product_tag":[],"class_list":["post-1136","product","type-product","status-publish","has-post-thumbnail","hentry","product_cat-baekur"],"yoast_head":"<!-- This site is optimized with the Yoast SEO plugin v21.4 - https:\/\/yoast.com\/wordpress\/plugins\/seo\/ -->\n<title>R\u00d3T - Allt sem \u00fe\u00fa \u00fearft a\u00f0 vita um K\u00edna og meira til - obs.is<\/title>\n<meta name=\"robots\" content=\"index, follow, max-snippet:-1, max-image-preview:large, max-video-preview:-1\" \/>\n<link rel=\"canonical\" href=\"https:\/\/obs.is\/is_is\/product\/rot\/\" \/>\n<meta property=\"og:locale\" content=\"is_IS\" \/>\n<meta property=\"og:type\" content=\"article\" \/>\n<meta property=\"og:title\" content=\"R\u00d3T - Allt sem \u00fe\u00fa \u00fearft a\u00f0 vita um K\u00edna og meira til - obs.is\" \/>\n<meta property=\"og:description\" content=\"Sending um land allt \u00e1n endurgjalds me\u00f0 Dropp!  R\u00f3t segir umb\u00fa\u00f0alaust fr\u00e1 \u00feessu merkilega landi sem allir \u00cdslendingar \u00feurfa a\u00f0 gefa gaum auk \u00feess koma samskipti K\u00edna vi\u00f0 Vesturl\u00f6nd \u00ed gegnum t\u00ed\u00f0ina miki\u00f0 vi\u00f0 s\u00f6gu. Fl\u00f3kin tengsl vi\u00f0 n\u00e1granna K\u00edna \u00ed Austur-As\u00edu til d\u00e6mis Japan og Taiwan blandast einnig \u00ed fr\u00e1s\u00f6gnina.  Fj\u00f6ldi lj\u00f3smynda og myndskreytinga gera b\u00f3kina a\u00f0gengilega og skemmtilega. R\u00f3t er innbundin, 248 bls. og er kolefnisj\u00f6fnu\u00f0.  Ver\u00f0 innifelur 11% vir\u00f0isaukaskatt. Sending er innifalin me\u00f0 Dropp um land allt. \u00a0Sj\u00e1 afhendingarsta\u00f0i Dropp h\u00e9r  Sj\u00e1 s\u00f6luskilm\u00e1la og frekari uppl\u00fdsingar me\u00f0 \u00fev\u00ed a\u00f0 smella h\u00e9r.\" \/>\n<meta property=\"og:url\" content=\"https:\/\/obs.is\/is_is\/product\/rot\/\" \/>\n<meta property=\"og:site_name\" content=\"obs.is\" \/>\n<meta property=\"article:modified_time\" content=\"2024-03-01T08:27:36+00:00\" \/>\n<meta property=\"og:image\" content=\"https:\/\/obs.is\/wp-content\/uploads\/2022\/10\/ROT_framhlid-e1698941133308.png\" \/>\n\t<meta property=\"og:image:width\" content=\"500\" \/>\n\t<meta property=\"og:image:height\" content=\"622\" \/>\n\t<meta property=\"og:image:type\" content=\"image\/png\" \/>\n<meta name=\"twitter:card\" content=\"summary_large_image\" \/>\n<meta name=\"twitter:label1\" content=\"Est. reading time\" \/>\n\t<meta name=\"twitter:data1\" content=\"1 minute\" \/>\n<script type=\"application\/ld+json\" class=\"yoast-schema-graph\">{\"@context\":\"https:\/\/schema.org\",\"@graph\":[{\"@type\":\"WebPage\",\"@id\":\"https:\/\/obs.is\/product\/rot\/\",\"url\":\"https:\/\/obs.is\/product\/rot\/\",\"name\":\"R\u00d3T - Allt sem \u00fe\u00fa \u00fearft a\u00f0 vita um K\u00edna og meira til - obs.is\",\"isPartOf\":{\"@id\":\"https:\/\/obs.is\/#website\"},\"datePublished\":\"2022-10-07T09:26:35+00:00\",\"dateModified\":\"2024-03-01T08:27:36+00:00\",\"breadcrumb\":{\"@id\":\"https:\/\/obs.is\/product\/rot\/#breadcrumb\"},\"inLanguage\":\"is\",\"potentialAction\":[{\"@type\":\"ReadAction\",\"target\":[\"https:\/\/obs.is\/product\/rot\/\"]}]},{\"@type\":\"BreadcrumbList\",\"@id\":\"https:\/\/obs.is\/product\/rot\/#breadcrumb\",\"itemListElement\":[{\"@type\":\"ListItem\",\"position\":1,\"name\":\"Home\",\"item\":\"https:\/\/obs.is\/\"},{\"@type\":\"ListItem\",\"position\":2,\"name\":\"Karfa\",\"item\":\"https:\/\/obs.is\/cart\/\"},{\"@type\":\"ListItem\",\"position\":3,\"name\":\"R\u00d3T &#8211; Allt sem \u00fe\u00fa \u00fearft a\u00f0 vita um K\u00edna og meira til\"}]},{\"@type\":\"WebSite\",\"@id\":\"https:\/\/obs.is\/#website\",\"url\":\"https:\/\/obs.is\/\",\"name\":\"obs.is\",\"description\":\"R\u00f3t - allt sem \u00fe\u00fa \u00fearft a\u00f0 vita um K\u00edna og meira til\",\"publisher\":{\"@id\":\"https:\/\/obs.is\/#organization\"},\"potentialAction\":[{\"@type\":\"SearchAction\",\"target\":{\"@type\":\"EntryPoint\",\"urlTemplate\":\"https:\/\/obs.is\/?s={search_term_string}\"},\"query-input\":\"required name=search_term_string\"}],\"inLanguage\":\"is\"},{\"@type\":\"Organization\",\"@id\":\"https:\/\/obs.is\/#organization\",\"name\":\"obs.is\",\"url\":\"https:\/\/obs.is\/\",\"logo\":{\"@type\":\"ImageObject\",\"inLanguage\":\"is\",\"@id\":\"https:\/\/obs.is\/#\/schema\/logo\/image\/\",\"url\":\"https:\/\/obs.is\/wp-content\/uploads\/2022\/11\/ROT_logo.jpg\",\"contentUrl\":\"https:\/\/obs.is\/wp-content\/uploads\/2022\/11\/ROT_logo.jpg\",\"width\":2244,\"height\":1051,\"caption\":\"obs.is\"},\"image\":{\"@id\":\"https:\/\/obs.is\/#\/schema\/logo\/image\/\"}}]}<\/script>\n<!-- \/ Yoast SEO plugin. -->","yoast_head_json":{"title":"R\u00d3T - Allt sem \u00fe\u00fa \u00fearft a\u00f0 vita um K\u00edna og meira til - obs.is","robots":{"index":"index","follow":"follow","max-snippet":"max-snippet:-1","max-image-preview":"max-image-preview:large","max-video-preview":"max-video-preview:-1"},"canonical":"https:\/\/obs.is\/is_is\/product\/rot\/","og_locale":"is_IS","og_type":"article","og_title":"R\u00d3T - Allt sem \u00fe\u00fa \u00fearft a\u00f0 vita um K\u00edna og meira til - obs.is","og_description":"Sending um land allt \u00e1n endurgjalds me\u00f0 Dropp!  R\u00f3t segir umb\u00fa\u00f0alaust fr\u00e1 \u00feessu merkilega landi sem allir \u00cdslendingar \u00feurfa a\u00f0 gefa gaum auk \u00feess koma samskipti K\u00edna vi\u00f0 Vesturl\u00f6nd \u00ed gegnum t\u00ed\u00f0ina miki\u00f0 vi\u00f0 s\u00f6gu. Fl\u00f3kin tengsl vi\u00f0 n\u00e1granna K\u00edna \u00ed Austur-As\u00edu til d\u00e6mis Japan og Taiwan blandast einnig \u00ed fr\u00e1s\u00f6gnina.  Fj\u00f6ldi lj\u00f3smynda og myndskreytinga gera b\u00f3kina a\u00f0gengilega og skemmtilega. R\u00f3t er innbundin, 248 bls. og er kolefnisj\u00f6fnu\u00f0.  Ver\u00f0 innifelur 11% vir\u00f0isaukaskatt. Sending er innifalin me\u00f0 Dropp um land allt. \u00a0Sj\u00e1 afhendingarsta\u00f0i Dropp h\u00e9r  Sj\u00e1 s\u00f6luskilm\u00e1la og frekari uppl\u00fdsingar me\u00f0 \u00fev\u00ed a\u00f0 smella h\u00e9r.","og_url":"https:\/\/obs.is\/is_is\/product\/rot\/","og_site_name":"obs.is","article_modified_time":"2024-03-01T08:27:36+00:00","og_image":[{"width":500,"height":622,"url":"https:\/\/obs.is\/wp-content\/uploads\/2022\/10\/ROT_framhlid-e1698941133308.png","type":"image\/png"}],"twitter_card":"summary_large_image","twitter_misc":{"Est. reading time":"1 minute"},"schema":{"@context":"https:\/\/schema.org","@graph":[{"@type":"WebPage","@id":"https:\/\/obs.is\/product\/rot\/","url":"https:\/\/obs.is\/product\/rot\/","name":"R\u00d3T - Allt sem \u00fe\u00fa \u00fearft a\u00f0 vita um K\u00edna og meira til - obs.is","isPartOf":{"@id":"https:\/\/obs.is\/#website"},"datePublished":"2022-10-07T09:26:35+00:00","dateModified":"2024-03-01T08:27:36+00:00","breadcrumb":{"@id":"https:\/\/obs.is\/product\/rot\/#breadcrumb"},"inLanguage":"is","potentialAction":[{"@type":"ReadAction","target":["https:\/\/obs.is\/product\/rot\/"]}]},{"@type":"BreadcrumbList","@id":"https:\/\/obs.is\/product\/rot\/#breadcrumb","itemListElement":[{"@type":"ListItem","position":1,"name":"Home","item":"https:\/\/obs.is\/"},{"@type":"ListItem","position":2,"name":"Karfa","item":"https:\/\/obs.is\/cart\/"},{"@type":"ListItem","position":3,"name":"R\u00d3T &#8211; Allt sem \u00fe\u00fa \u00fearft a\u00f0 vita um K\u00edna og meira til"}]},{"@type":"WebSite","@id":"https:\/\/obs.is\/#website","url":"https:\/\/obs.is\/","name":"obs.is","description":"R\u00f3t - allt sem \u00fe\u00fa \u00fearft a\u00f0 vita um K\u00edna og meira til","publisher":{"@id":"https:\/\/obs.is\/#organization"},"potentialAction":[{"@type":"SearchAction","target":{"@type":"EntryPoint","urlTemplate":"https:\/\/obs.is\/?s={search_term_string}"},"query-input":"required name=search_term_string"}],"inLanguage":"is"},{"@type":"Organization","@id":"https:\/\/obs.is\/#organization","name":"obs.is","url":"https:\/\/obs.is\/","logo":{"@type":"ImageObject","inLanguage":"is","@id":"https:\/\/obs.is\/#\/schema\/logo\/image\/","url":"https:\/\/obs.is\/wp-content\/uploads\/2022\/11\/ROT_logo.jpg","contentUrl":"https:\/\/obs.is\/wp-content\/uploads\/2022\/11\/ROT_logo.jpg","width":2244,"height":1051,"caption":"obs.is"},"image":{"@id":"https:\/\/obs.is\/#\/schema\/logo\/image\/"}}]}},"_links":{"self":[{"href":"https:\/\/obs.is\/is_is\/wp-json\/wp\/v2\/product\/1136","targetHints":{"allow":["GET"]}}],"collection":[{"href":"https:\/\/obs.is\/is_is\/wp-json\/wp\/v2\/product"}],"about":[{"href":"https:\/\/obs.is\/is_is\/wp-json\/wp\/v2\/types\/product"}],"wp:featuredmedia":[{"embeddable":true,"href":"https:\/\/obs.is\/is_is\/wp-json\/wp\/v2\/media\/3696"}],"wp:attachment":[{"href":"https:\/\/obs.is\/is_is\/wp-json\/wp\/v2\/media?parent=1136"}],"wp:term":[{"taxonomy":"product_cat","embeddable":true,"href":"https:\/\/obs.is\/is_is\/wp-json\/wp\/v2\/product_cat?post=1136"},{"taxonomy":"product_tag","embeddable":true,"href":"https:\/\/obs.is\/is_is\/wp-json\/wp\/v2\/product_tag?post=1136"}],"curies":[{"name":"wp","href":"https:\/\/api.w.org\/{rel}","templated":true}]}}